{"id":202,"date":"2021-04-11T18:22:02","date_gmt":"2021-04-11T16:22:02","guid":{"rendered":"https:\/\/2021.familiafutura.de\/?page_id=202"},"modified":"2021-04-11T19:49:29","modified_gmt":"2021-04-11T17:49:29","slug":"kontakt","status":"publish","type":"page","link":"https:\/\/2021.familiafutura.de\/ls\/kontakt\/","title":{"rendered":"Kontakt"},"content":{"rendered":"<p>M\u00f6chtest Du uns eine Frage stellen?<br \/>\nM\u00f6chtest Du Deine Meinung sagen?<br \/>\nHast Du eine Idee?<br \/>\nDann schreib uns gerne eine E-Mail an diese Adresse:<br \/>\n<a class=\"button\" href=\"mailto:info@familiafutura.de\">Allgemeine Anfrage \/ R\u00fcckmeldung<\/a><\/p>\n<p>&nbsp;<\/p>\n<p>M\u00f6chtest Du \u00fcber unser Festival berichten?<br \/>\nDann melde Dich gerne bei unserer Presse-Sprecherin Alicia Schlender.<br \/>\nDas ist ihre E-Mail-Adresse:<br \/>\n<a class=\"button\" href=\"mailto:presse@familiafutura.de\">Presseanfrage<\/a><\/p>\n","protected":false},"excerpt":{"rendered":"<p>M\u00f6chtest Du uns eine Frage stellen? M\u00f6chtest Du Deine Meinung sagen? Hast Du eine Idee? Dann schreib uns gerne eine E-Mail an diese Adresse: Allgemeine Anfrage \/ R\u00fcckmeldung &nbsp; M\u00f6chtest Du \u00fcber unser Festival berichten? Dann melde Dich gerne bei unserer Presse-Sprecherin Alicia Schlender. Das ist ihre E-Mail-Adresse: Presseanfrage<\/p>\n","protected":false},"author":2,"featured_media":0,"parent":0,"menu_order":0,"comment_status":"closed","ping_status":"closed","template":"","meta":{"_acf_changed":false,"footnotes":""},"class_list":["post-202","page","type-page","status-publish","hentry"],"acf":[],"_links":{"self":[{"href":"https:\/\/2021.familiafutura.de\/ls\/wp-json\/wp\/v2\/pages\/202","targetHints":{"allow":["GET"]}}],"collection":[{"href":"https:\/\/2021.familiafutura.de\/ls\/wp-json\/wp\/v2\/pages"}],"about":[{"href":"https:\/\/2021.familiafutura.de\/ls\/wp-json\/wp\/v2\/types\/page"}],"author":[{"embeddable":true,"href":"https:\/\/2021.familiafutura.de\/ls\/wp-json\/wp\/v2\/users\/2"}],"replies":[{"embeddable":true,"href":"https:\/\/2021.familiafutura.de\/ls\/wp-json\/wp\/v2\/comments?post=202"}],"version-history":[{"count":5,"href":"https:\/\/2021.familiafutura.de\/ls\/wp-json\/wp\/v2\/pages\/202\/revisions"}],"predecessor-version":[{"id":215,"href":"https:\/\/2021.familiafutura.de\/ls\/wp-json\/wp\/v2\/pages\/202\/revisions\/215"}],"wp:attachment":[{"href":"https:\/\/2021.familiafutura.de\/ls\/wp-json\/wp\/v2\/media?parent=202"}],"curies":[{"name":"wp","href":"https:\/\/api.w.org\/{rel}","templated":true}]}}