{"id":200,"date":"2021-04-11T18:19:54","date_gmt":"2021-04-11T16:19:54","guid":{"rendered":"https:\/\/2021.familiafutura.de\/?page_id=200"},"modified":"2022-08-29T11:30:18","modified_gmt":"2022-08-29T09:30:18","slug":"spenden","status":"publish","type":"page","link":"https:\/\/2021.familiafutura.de\/ls\/spenden\/","title":{"rendered":"Spenden"},"content":{"rendered":"<p>M\u00f6chtest Du unsere Arbeit unterst\u00fctzen?<br \/>\nM\u00f6chtest Du mit uns gemeinsam Ideen entwickeln f\u00fcr ein gutes Zusammen-Leben in der Zukunft?<br \/>\nDann freuen wir uns \u00fcber jede Spende.<\/p>\n<p>Du kannst uns das Geld bei der Bank \u00fcberweisen.<\/p>\n<p><strong>Spenden per Bank-\u00dcberweisung<\/strong><br \/>\nFamilia*Futura GbR<br \/>\nComdirect Bank<br \/>\nIBAN: DE48 2004 1133 0871 2846 00<br \/>\nBIC: COBADEHD001<\/p>\n<p><a style=\"display:none\" class=\"button\" href=\"https:\/\/www.paypal.com\/donate\/?hosted_button_id=4TBMF7DGMAM36\">Spenden per PayPal<\/a><\/p>\n","protected":false},"excerpt":{"rendered":"<p>M\u00f6chtest Du unsere Arbeit unterst\u00fctzen? M\u00f6chtest Du mit uns gemeinsam Ideen entwickeln f\u00fcr ein gutes Zusammen-Leben in der Zukunft? Dann freuen wir uns \u00fcber jede Spende. Du kannst uns das Geld bei der Bank \u00fcberweisen. Spenden per Bank-\u00dcberweisung Familia*Futura GbR Comdirect Bank IBAN: DE48 2004 1133 0871 2846 00 BIC: COBADEHD001 Spenden per PayPal<\/p>\n","protected":false},"author":2,"featured_media":0,"parent":0,"menu_order":0,"comment_status":"closed","ping_status":"closed","template":"","meta":{"_acf_changed":false,"footnotes":""},"class_list":["post-200","page","type-page","status-publish","hentry"],"acf":[],"_links":{"self":[{"href":"https:\/\/2021.familiafutura.de\/ls\/wp-json\/wp\/v2\/pages\/200","targetHints":{"allow":["GET"]}}],"collection":[{"href":"https:\/\/2021.familiafutura.de\/ls\/wp-json\/wp\/v2\/pages"}],"about":[{"href":"https:\/\/2021.familiafutura.de\/ls\/wp-json\/wp\/v2\/types\/page"}],"author":[{"embeddable":true,"href":"https:\/\/2021.familiafutura.de\/ls\/wp-json\/wp\/v2\/users\/2"}],"replies":[{"embeddable":true,"href":"https:\/\/2021.familiafutura.de\/ls\/wp-json\/wp\/v2\/comments?post=200"}],"version-history":[{"count":5,"href":"https:\/\/2021.familiafutura.de\/ls\/wp-json\/wp\/v2\/pages\/200\/revisions"}],"predecessor-version":[{"id":519,"href":"https:\/\/2021.familiafutura.de\/ls\/wp-json\/wp\/v2\/pages\/200\/revisions\/519"}],"wp:attachment":[{"href":"https:\/\/2021.familiafutura.de\/ls\/wp-json\/wp\/v2\/media?parent=200"}],"curies":[{"name":"wp","href":"https:\/\/api.w.org\/{rel}","templated":true}]}}