{"id":196,"date":"2021-03-19T16:24:38","date_gmt":"2021-03-19T15:24:38","guid":{"rendered":"https:\/\/2021.familiafutura.de\/?page_id=196"},"modified":"2021-04-13T14:32:55","modified_gmt":"2021-04-13T12:32:55","slug":"was-ist-familia-futura","status":"publish","type":"page","link":"https:\/\/2021.familiafutura.de\/ls\/was-ist-familia-futura\/","title":{"rendered":"Was ist Familia Futura?"},"content":{"rendered":"<p>Familia*Futura ist ein Festival.<br \/>\nEin Festival f\u00fcr Familien-Diversit\u00e4t, F\u00fcrsorge-Utopien und Inklusion.<br \/>\nFamilien-Diversit\u00e4t bedeutet:<br \/>\nAlle Familien sind unterschiedlich.<\/p>\n<p>Zum Beispiel:<br \/>\nFamilien mit Mutter, Vater und Kindern.<br \/>\nOder:<br \/>\nFamilien mit 2 V\u00e4tern und Kindern.<br \/>\nOder:<br \/>\nFamilien mit 2 M\u00fcttern und Kindern.<br \/>\nOder:<br \/>\n2 befreundete Menschen mit gemeinsamen Kindern.<\/p>\n<p>F\u00fcrsorge hei\u00dft:<br \/>\nMenschen k\u00fcmmern sich umeinander.<\/p>\n<p>Eine Utopie ist eine Vorstellung von einer guten Zukunft.<\/p>\n<p>F\u00fcrsorge-Utopie bedeutet also:<br \/>\nSo wollen wir uns in Zukunft gegenseitig umeinander k\u00fcmmern.<br \/>\nInklusion bedeutet:<br \/>\nAlle Menschen haben ein gutes Leben zusammen.<br \/>\nSie wohnen zusammen.<br \/>\nSie arbeiten zusammen.<br \/>\nUnd sie verbringen ihre Freizeit zusammen.<br \/>\nDas gilt f\u00fcr alle Menschen.<br \/>\nJunge Menschen.<br \/>\nAlte Menschen.<br \/>\nMenschen aus verschiedenen L\u00e4ndern.<br \/>\nMenschen mit Behinderung.<br \/>\nMenschen ohne Behinderung.<br \/>\nArme Menschen.<br \/>\nReiche Menschen.<br \/>\nMenschen mit verschiedenen Religionen.<br \/>\nUnser Festival fand 2018 zum ersten Mal statt.<br \/>\nIn Dresden.<br \/>\n2019 gab es einen Aktions-Tag in Leipzig.<br \/>\nUnd 2020 ein Online-Festival.<br \/>\nAlso ein Festival am Computer.<br \/>\nAlle konnten von zu Hause aus dabei sein.<\/p>\n<p>Wir wollen, dass mehr Menschen erfahren:<br \/>\nEs gibt viele verschiedene Arten, als Familie zusammen-zu-leben.<br \/>\nWas brauchen diese Familien?<br \/>\nWie k\u00f6nnen sie gest\u00e4rkt werden?<br \/>\nHier k\u00f6nnen Sie mehr \u00fcber unsere Arbeit in den letzten Jahren lesen.<br \/>\nAber die Texte sind nicht in Leichter Sprache.<\/p>\n<p><a class=\"button\" href=\"https:\/\/2018.familiafutura.de\/\">Familia*Futura 2018 \/ 2019<\/a> (Schwere Sprache)<br \/>\n<a class=\"button\" href=\"https:\/\/2020.familiafutura.de\/\">Familia*Futura 2020<\/a> (Einfache Sprache)<\/p>\n","protected":false},"excerpt":{"rendered":"<p>Familia*Futura ist ein Festival. Ein Festival f\u00fcr Familien-Diversit\u00e4t, F\u00fcrsorge-Utopien und Inklusion. Familien-Diversit\u00e4t bedeutet: Alle Familien sind unterschiedlich. Zum Beispiel: Familien mit Mutter, Vater und Kindern. Oder: Familien mit 2 V\u00e4tern und Kindern. Oder: Familien mit 2 M\u00fcttern und Kindern. Oder: 2 befreundete Menschen mit gemeinsamen Kindern. F\u00fcrsorge hei\u00dft: Menschen k\u00fcmmern sich umeinander. Eine Utopie ist [&hellip;]<\/p>\n","protected":false},"author":1,"featured_media":0,"parent":0,"menu_order":0,"comment_status":"closed","ping_status":"closed","template":"","meta":{"_acf_changed":false,"footnotes":""},"class_list":["post-196","page","type-page","status-publish","hentry"],"acf":[],"_links":{"self":[{"href":"https:\/\/2021.familiafutura.de\/ls\/wp-json\/wp\/v2\/pages\/196","targetHints":{"allow":["GET"]}}],"collection":[{"href":"https:\/\/2021.familiafutura.de\/ls\/wp-json\/wp\/v2\/pages"}],"about":[{"href":"https:\/\/2021.familiafutura.de\/ls\/wp-json\/wp\/v2\/types\/page"}],"author":[{"embeddable":true,"href":"https:\/\/2021.familiafutura.de\/ls\/wp-json\/wp\/v2\/users\/1"}],"replies":[{"embeddable":true,"href":"https:\/\/2021.familiafutura.de\/ls\/wp-json\/wp\/v2\/comments?post=196"}],"version-history":[{"count":5,"href":"https:\/\/2021.familiafutura.de\/ls\/wp-json\/wp\/v2\/pages\/196\/revisions"}],"predecessor-version":[{"id":238,"href":"https:\/\/2021.familiafutura.de\/ls\/wp-json\/wp\/v2\/pages\/196\/revisions\/238"}],"wp:attachment":[{"href":"https:\/\/2021.familiafutura.de\/ls\/wp-json\/wp\/v2\/media?parent=196"}],"curies":[{"name":"wp","href":"https:\/\/api.w.org\/{rel}","templated":true}]}}