{"id":194,"date":"2021-04-11T18:11:58","date_gmt":"2021-04-11T16:11:58","guid":{"rendered":"https:\/\/2021.familiafutura.de\/?page_id=194"},"modified":"2022-07-29T16:56:25","modified_gmt":"2022-07-29T14:56:25","slug":"programm","status":"publish","type":"page","link":"https:\/\/2021.familiafutura.de\/ls\/programm\/","title":{"rendered":"Programm"},"content":{"rendered":"<p>Hier findest du alle Informationen \u00fcber die Online-Veranstaltungen der Reihe.<br \/>\nDiese Angebote gibt es in den Online-Veranstaltungen:<br \/>\n    \u2022 Informationen zu Barriere-Freiheit am Computer<br \/>\n    \u2022 Wie kann man gerechte Sprache benutzen?<br \/>\nSprache, die niemanden ausschlie\u00dft.<br \/>\n    \u2022 Wie funktioniert Leichte Sprache?<br \/>\nUnd wer braucht sie?<br \/>\n    \u2022 Wie kann man barriere-freie \u00d6ffentlichkeits-Arbeit machen?<br \/>\n\u00d6ffentlichkeits-Arbeit bedeutet:<br \/>\nIch erz\u00e4hle anderen von dem, was ich mache.<br \/>\n    \u2022 Gespr\u00e4chs-Runden<br \/>\n    \u2022 Treffen zum Austausch zwischen Menschen die Kunst machen und Menschen die Festivals machen.<br \/>\nDie Veranstaltungen sind kostenlos.<br \/>\nBitte melde Dich f\u00fcr die einzelnen Veranstaltungen an.<br \/>\nDenn:<br \/>\nZu manchen Veranstaltungen kann nur eine bestimmte Anzahl an Menschen kommen.<br \/>\nBrauchst Du \u00dcbersetzung in Geb\u00e4rden-Sprache?<br \/>\nOder \u00dcbersetzung in Leichte Sprache?<br \/>\nBrauchst Du Unter-Titel f\u00fcr Geh\u00f6rlose?<br \/>\nDas kann man im Anmelde-Formular ankreuzen.<br \/>\nDas Programm wird immer wieder aktualisiert.<br \/>\nDas hei\u00dft:<br \/>\nEs kommen immer wieder neue Informationen dazu.<\/p>\n","protected":false},"excerpt":{"rendered":"<p>Hier findest du alle Informationen \u00fcber die Online-Veranstaltungen der Reihe. Diese Angebote gibt es in den Online-Veranstaltungen: \u2022 Informationen zu Barriere-Freiheit am Computer \u2022 Wie kann man gerechte Sprache benutzen? Sprache, die niemanden ausschlie\u00dft. \u2022 Wie funktioniert Leichte Sprache? Und wer braucht sie? \u2022 Wie kann man barriere-freie \u00d6ffentlichkeits-Arbeit machen? \u00d6ffentlichkeits-Arbeit bedeutet: Ich erz\u00e4hle anderen [&hellip;]<\/p>\n","protected":false},"author":2,"featured_media":0,"parent":0,"menu_order":0,"comment_status":"closed","ping_status":"closed","template":"programm.php","meta":{"_acf_changed":false,"footnotes":""},"class_list":["post-194","page","type-page","status-publish","hentry"],"acf":[],"_links":{"self":[{"href":"https:\/\/2021.familiafutura.de\/ls\/wp-json\/wp\/v2\/pages\/194","targetHints":{"allow":["GET"]}}],"collection":[{"href":"https:\/\/2021.familiafutura.de\/ls\/wp-json\/wp\/v2\/pages"}],"about":[{"href":"https:\/\/2021.familiafutura.de\/ls\/wp-json\/wp\/v2\/types\/page"}],"author":[{"embeddable":true,"href":"https:\/\/2021.familiafutura.de\/ls\/wp-json\/wp\/v2\/users\/2"}],"replies":[{"embeddable":true,"href":"https:\/\/2021.familiafutura.de\/ls\/wp-json\/wp\/v2\/comments?post=194"}],"version-history":[{"count":3,"href":"https:\/\/2021.familiafutura.de\/ls\/wp-json\/wp\/v2\/pages\/194\/revisions"}],"predecessor-version":[{"id":235,"href":"https:\/\/2021.familiafutura.de\/ls\/wp-json\/wp\/v2\/pages\/194\/revisions\/235"}],"wp:attachment":[{"href":"https:\/\/2021.familiafutura.de\/ls\/wp-json\/wp\/v2\/media?parent=194"}],"curies":[{"name":"wp","href":"https:\/\/api.w.org\/{rel}","templated":true}]}}